{"id":8,"date":"2026-03-22T00:54:30","date_gmt":"2026-03-21T23:54:30","guid":{"rendered":"https:\/\/www.360tours.es\/twenty-four\/?page_id=8"},"modified":"2026-03-22T17:54:41","modified_gmt":"2026-03-22T16:54:41","slug":"tagcloud","status":"publish","type":"page","link":"https:\/\/www.360tours.es\/24mm\/tagcloud\/","title":{"rendered":"Tagcloud"},"content":{"rendered":"\n<div class=\"wp-block-group alignfull has-accent-4-background-color has-background has-global-padding is-layout-constrained wp-container-core-group-is-layout-36f65c2d wp-block-group-is-layout-constrained\" style=\"margin-top:0;margin-bottom:0;padding-top:var(--wp--preset--spacing--50);padding-right:var(--wp--preset--spacing--50);padding-bottom:var(--wp--preset--spacing--50);padding-left:var(--wp--preset--spacing--50)\">\n<div class=\"wp-block-columns alignwide is-layout-flex wp-container-core-columns-is-layout-a0d91a25 wp-block-columns-is-layout-flex\">\n<div class=\"wp-block-column is-vertically-aligned-center is-layout-flow wp-block-column-is-layout-flow\" style=\"flex-basis:60%\">\n<figure class=\"wp-block-image size-full is-style-rounded wp-duotone-duotone-1 is-style-rounded--1\"><img loading=\"lazy\" decoding=\"async\" width=\"1024\" height=\"683\" src=\"https:\/\/www.360tours.es\/twenty-four\/wp-content\/uploads\/sites\/7\/2026\/03\/monitor.jpg\" alt=\"\" class=\"wp-image-19\" style=\"aspect-ratio:4\/3;object-fit:cover\" srcset=\"https:\/\/www.360tours.es\/24mm\/wp-content\/uploads\/sites\/7\/2026\/03\/monitor.jpg 1024w, https:\/\/www.360tours.es\/24mm\/wp-content\/uploads\/sites\/7\/2026\/03\/monitor-300x200.jpg 300w, https:\/\/www.360tours.es\/24mm\/wp-content\/uploads\/sites\/7\/2026\/03\/monitor-768x512.jpg 768w\" sizes=\"auto, (max-width: 1024px) 100vw, 1024px\" \/><\/figure>\n<\/div>\n\n\n\n<div class=\"wp-block-column is-layout-flow wp-block-column-is-layout-flow\" style=\"flex-basis:40%\">\n<h2 class=\"wp-block-heading\">Guiando a tu empresa a trav\u00e9s del proyecto<\/h2>\n\n\n\n<p class=\"wp-block-paragraph\">Experimenta la fusi\u00f3n de imaginaci\u00f3n y experiencia con \u00c9tudes, el catalizador de las transformaciones arquitect\u00f3nicas que enriquecen el mundo que nos rodea.<\/p>\n\n\n\n<div class=\"wp-block-buttons is-layout-flex wp-block-buttons-is-layout-flex\">\n<div class=\"wp-block-button\"><a class=\"wp-block-button__link wp-element-button\">Nuestros servicios<\/a><\/div>\n<\/div>\n<\/div>\n<\/div>\n<\/div>\n\n\n\n<div class=\"wp-block-group alignwide has-global-padding is-layout-constrained wp-block-group-is-layout-constrained\" style=\"font-style:normal;font-weight:800\">\n<p class=\"alignwide wp-block-paragraph\">tags (cuentas)<\/p>\n\n\n<p class=\"alignwide is-style-outline wp-block-tag-cloud\"><a href=\"https:\/\/www.360tours.es\/24mm\/tag\/7pulgadas\/\" class=\"tag-cloud-link tag-link-68 tag-link-position-1\" style=\"font-size: 8pt;\" aria-label=\"7pulgadas (1 elemento)\">7pulgadas<span class=\"tag-link-count\"> (1)<\/span><\/a>\n<a href=\"https:\/\/www.360tours.es\/24mm\/tag\/30310-esgmail-com\/\" class=\"tag-cloud-link tag-link-15 tag-link-position-2\" style=\"font-size: 8pt;\" aria-label=\"30310.es@gmail.com (1 elemento)\">30310.es@gmail.com<span class=\"tag-link-count\"> (1)<\/span><\/a>\n<a href=\"https:\/\/www.360tours.es\/24mm\/tag\/hok4hey\/\" class=\"tag-cloud-link tag-link-60 tag-link-position-3\" style=\"font-size: 12.516129032258pt;\" aria-label=\"@hok4hey (3 elementos)\">@hok4hey<span class=\"tag-link-count\"> (3)<\/span><\/a>\n<a href=\"https:\/\/www.360tours.es\/24mm\/tag\/main\/\" class=\"tag-cloud-link tag-link-62 tag-link-position-4\" style=\"font-size: 21.247311827957pt;\" aria-label=\"@main (14 elementos)\">@main<span class=\"tag-link-count\"> (14)<\/span><\/a>\n<a href=\"https:\/\/www.360tours.es\/24mm\/tag\/algarve360tours-es\/\" class=\"tag-cloud-link tag-link-10 tag-link-position-5\" style=\"font-size: 8pt;\" aria-label=\"algarve@360tours.es (1 elemento)\">algarve@360tours.es<span class=\"tag-link-count\"> (1)<\/span><\/a>\n<a href=\"https:\/\/www.360tours.es\/24mm\/tag\/aulaxxi\/\" class=\"tag-cloud-link tag-link-16 tag-link-position-6\" style=\"font-size: 8pt;\" aria-label=\"aulaxxi (1 elemento)\">aulaxxi<span class=\"tag-link-count\"> (1)<\/span><\/a>\n<a href=\"https:\/\/www.360tours.es\/24mm\/tag\/beggars-party\/\" class=\"tag-cloud-link tag-link-13 tag-link-position-7\" style=\"font-size: 8pt;\" aria-label=\"beggars.party (1 elemento)\">beggars.party<span class=\"tag-link-count\"> (1)<\/span><\/a>\n<a href=\"https:\/\/www.360tours.es\/24mm\/tag\/blog\/\" class=\"tag-cloud-link tag-link-81 tag-link-position-8\" style=\"font-size: 8pt;\" aria-label=\"blog (1 elemento)\">blog<span class=\"tag-link-count\"> (1)<\/span><\/a>\n<a href=\"https:\/\/www.360tours.es\/24mm\/tag\/bsb8y2gmail-com\/\" class=\"tag-cloud-link tag-link-11 tag-link-position-9\" style=\"font-size: 10.709677419355pt;\" aria-label=\"bsb8y2@gmail.com (2 elementos)\">bsb8y2@gmail.com<span class=\"tag-link-count\"> (2)<\/span><\/a>\n<a href=\"https:\/\/www.360tours.es\/24mm\/tag\/carnet-bzhgmail-com\/\" class=\"tag-cloud-link tag-link-8 tag-link-position-10\" style=\"font-size: 8pt;\" aria-label=\"carnet.bzh@gmail.com (1 elemento)\">carnet.bzh@gmail.com<span class=\"tag-link-count\"> (1)<\/span><\/a>\n<a href=\"https:\/\/www.360tours.es\/24mm\/tag\/en-las-nubes\/\" class=\"tag-cloud-link tag-link-85 tag-link-position-11\" style=\"font-size: 8pt;\" aria-label=\"en las nubes (1 elemento)\">en las nubes<span class=\"tag-link-count\"> (1)<\/span><\/a>\n<a href=\"https:\/\/www.360tours.es\/24mm\/tag\/estudiar360tours-es\/\" class=\"tag-cloud-link tag-link-19 tag-link-position-12\" style=\"font-size: 8pt;\" aria-label=\"estudiar@360tours.es (1 elemento)\">estudiar@360tours.es<span class=\"tag-link-count\"> (1)<\/span><\/a>\n<a href=\"https:\/\/www.360tours.es\/24mm\/tag\/ex7ra-esgmail-com\/\" class=\"tag-cloud-link tag-link-17 tag-link-position-13\" style=\"font-size: 8pt;\" aria-label=\"ex7ra.es@gmail.com (1 elemento)\">ex7ra.es@gmail.com<span class=\"tag-link-count\"> (1)<\/span><\/a>\n<a href=\"https:\/\/www.360tours.es\/24mm\/tag\/funes-tkgmail-com\/\" class=\"tag-cloud-link tag-link-12 tag-link-position-14\" style=\"font-size: 10.709677419355pt;\" aria-label=\"funes.tk@gmail.com (2 elementos)\">funes.tk@gmail.com<span class=\"tag-link-count\"> (2)<\/span><\/a>\n<a href=\"https:\/\/www.360tours.es\/24mm\/tag\/gemini-3-1-pro\/\" class=\"tag-cloud-link tag-link-58 tag-link-position-15\" style=\"font-size: 8pt;\" aria-label=\"Gemini 3.1 Pro (1 elemento)\">Gemini 3.1 Pro<span class=\"tag-link-count\"> (1)<\/span><\/a>\n<a href=\"https:\/\/www.360tours.es\/24mm\/tag\/ilustraciones\/\" class=\"tag-cloud-link tag-link-61 tag-link-position-16\" style=\"font-size: 8pt;\" aria-label=\"ilustraciones (1 elemento)\">ilustraciones<span class=\"tag-link-count\"> (1)<\/span><\/a>\n<a href=\"https:\/\/www.360tours.es\/24mm\/tag\/info-wpcartagena\/\" class=\"tag-cloud-link tag-link-67 tag-link-position-17\" style=\"font-size: 8pt;\" aria-label=\"info.wpcartagena (1 elemento)\">info.wpcartagena<span class=\"tag-link-count\"> (1)<\/span><\/a>\n<a href=\"https:\/\/www.360tours.es\/24mm\/tag\/infovivecartagena-org\/\" class=\"tag-cloud-link tag-link-18 tag-link-position-18\" style=\"font-size: 8pt;\" aria-label=\"info@vivecartagena.org (1 elemento)\">info@vivecartagena.org<span class=\"tag-link-count\"> (1)<\/span><\/a>\n<a href=\"https:\/\/www.360tours.es\/24mm\/tag\/jsm3\/\" class=\"tag-cloud-link tag-link-70 tag-link-position-19\" style=\"font-size: 8pt;\" aria-label=\"jsm3 (1 elemento)\">jsm3<span class=\"tag-link-count\"> (1)<\/span><\/a>\n<a href=\"https:\/\/www.360tours.es\/24mm\/tag\/nano-banana-pro\/\" class=\"tag-cloud-link tag-link-63 tag-link-position-20\" style=\"font-size: 8pt;\" aria-label=\"Nano Banana Pro (1 elemento)\">Nano Banana Pro<span class=\"tag-link-count\"> (1)<\/span><\/a>\n<a href=\"https:\/\/www.360tours.es\/24mm\/tag\/pepeseguramartinez\/\" class=\"tag-cloud-link tag-link-14 tag-link-position-21\" style=\"font-size: 10.709677419355pt;\" aria-label=\"pepeseguramartinez (2 elementos)\">pepeseguramartinez<span class=\"tag-link-count\"> (2)<\/span><\/a>\n<a href=\"https:\/\/www.360tours.es\/24mm\/tag\/ppsauragmail-com\/\" class=\"tag-cloud-link tag-link-9 tag-link-position-22\" style=\"font-size: 22pt;\" aria-label=\"ppsaura@gmail.com (16 elementos)\">ppsaura@gmail.com<span class=\"tag-link-count\"> (16)<\/span><\/a>\n<a href=\"https:\/\/www.360tours.es\/24mm\/tag\/pruebas\/\" class=\"tag-cloud-link tag-link-71 tag-link-position-23\" style=\"font-size: 8pt;\" aria-label=\"pruebas (1 elemento)\">pruebas<span class=\"tag-link-count\"> (1)<\/span><\/a>\n<a href=\"https:\/\/www.360tours.es\/24mm\/tag\/sala-de-profesores\/\" class=\"tag-cloud-link tag-link-83 tag-link-position-24\" style=\"font-size: 8pt;\" aria-label=\"sala de profesores (1 elemento)\">sala de profesores<span class=\"tag-link-count\"> (1)<\/span><\/a>\n<a href=\"https:\/\/www.360tours.es\/24mm\/tag\/selfie\/\" class=\"tag-cloud-link tag-link-84 tag-link-position-25\" style=\"font-size: 8pt;\" aria-label=\"selfie (1 elemento)\">selfie<span class=\"tag-link-count\"> (1)<\/span><\/a><\/p>\n\n\n<hr class=\"wp-block-separator has-alpha-channel-opacity\"\/>\n<\/div>\n\n\n\n<div class=\"wp-block-group alignwide has-global-padding is-layout-constrained wp-block-group-is-layout-constrained\" style=\"min-height:10rem;font-style:normal;font-weight:800\">\n<p class=\"alignwide wp-block-paragraph\">categor\u00edas (apps)<\/p>\n\n\n<p class=\"alignwide is-style-outline wp-block-tag-cloud\"><a href=\"https:\/\/www.360tours.es\/24mm\/app\/canva-ai\/\" class=\"tag-cloud-link tag-link-69 tag-link-position-1\" style=\"font-size: 10.571428571429pt;\" aria-label=\"Canva AI (2 elementos)\">Canva AI<span class=\"tag-link-count\"> (2)<\/span><\/a>\n<a href=\"https:\/\/www.360tours.es\/24mm\/app\/dall-e\/\" class=\"tag-cloud-link tag-link-78 tag-link-position-2\" style=\"font-size: 8pt;\" aria-label=\"DALL-E (1 elemento)\">DALL-E<span class=\"tag-link-count\"> (1)<\/span><\/a>\n<a href=\"https:\/\/www.360tours.es\/24mm\/app\/grok\/\" class=\"tag-cloud-link tag-link-82 tag-link-position-3\" style=\"font-size: 8pt;\" aria-label=\"Grok (1 elemento)\">Grok<span class=\"tag-link-count\"> (1)<\/span><\/a>\n<a href=\"https:\/\/www.360tours.es\/24mm\/app\/ideogram\/\" class=\"tag-cloud-link tag-link-46 tag-link-position-4\" style=\"font-size: 12.285714285714pt;\" aria-label=\"Ideogram (3 elementos)\">Ideogram<span class=\"tag-link-count\"> (3)<\/span><\/a>\n<a href=\"https:\/\/www.360tours.es\/24mm\/app\/manus-1-6-lite\/\" class=\"tag-cloud-link tag-link-57 tag-link-position-5\" style=\"font-size: 12.285714285714pt;\" aria-label=\"Manus 1.6 Lite (3 elementos)\">Manus 1.6 Lite<span class=\"tag-link-count\"> (3)<\/span><\/a>\n<a href=\"https:\/\/www.360tours.es\/24mm\/app\/midjourney\/\" class=\"tag-cloud-link tag-link-77 tag-link-position-6\" style=\"font-size: 8pt;\" aria-label=\"Midjourney (1 elemento)\">Midjourney<span class=\"tag-link-count\"> (1)<\/span><\/a>\n<a href=\"https:\/\/www.360tours.es\/24mm\/app\/perplexity\/\" class=\"tag-cloud-link tag-link-45 tag-link-position-7\" style=\"font-size: 13.714285714286pt;\" aria-label=\"Perplexity (4 elementos)\">Perplexity<span class=\"tag-link-count\"> (4)<\/span><\/a>\n<a href=\"https:\/\/www.360tours.es\/24mm\/app\/sora\/\" class=\"tag-cloud-link tag-link-21 tag-link-position-8\" style=\"font-size: 22pt;\" aria-label=\"Sora (18 elementos)\">Sora<span class=\"tag-link-count\"> (18)<\/span><\/a><\/p>\n\n\n<hr class=\"wp-block-separator has-alpha-channel-opacity\"\/>\n<\/div>\n\n\n\n<div class=\"wp-block-group alignwide has-global-padding is-layout-constrained wp-block-group-is-layout-constrained\" style=\"border-style:none;border-width:0px;min-height:10rem;font-style:normal;font-weight:800\">\n<p class=\"alignwide wp-block-paragraph\">estilos (prompts)<\/p>\n\n\n<p class=\"alignwide is-style-outline wp-block-tag-cloud\"><a href=\"https:\/\/www.360tours.es\/24mm\/estilo\/24mm\/\" class=\"tag-cloud-link tag-link-53 tag-link-position-1\" style=\"font-size: 14.222222222222pt;\" aria-label=\"24mm (5 elementos)\">24mm<span class=\"tag-link-count\"> (5)<\/span><\/a>\n<a href=\"https:\/\/www.360tours.es\/24mm\/estilo\/30310\/\" class=\"tag-cloud-link tag-link-4 tag-link-position-2\" style=\"font-size: 10.333333333333pt;\" aria-label=\"30310 (2 elementos)\">30310<span class=\"tag-link-count\"> (2)<\/span><\/a>\n<a href=\"https:\/\/www.360tours.es\/24mm\/estilo\/academy-open-ai\/\" class=\"tag-cloud-link tag-link-31 tag-link-position-3\" style=\"font-size: 8pt;\" aria-label=\"academy open.ai (1 elemento)\">academy open.ai<span class=\"tag-link-count\"> (1)<\/span><\/a>\n<a href=\"https:\/\/www.360tours.es\/24mm\/estilo\/aistudio\/\" class=\"tag-cloud-link tag-link-35 tag-link-position-4\" style=\"font-size: 8pt;\" aria-label=\"aistudio (1 elemento)\">aistudio<span class=\"tag-link-count\"> (1)<\/span><\/a>\n<a href=\"https:\/\/www.360tours.es\/24mm\/estilo\/banana\/\" class=\"tag-cloud-link tag-link-38 tag-link-position-5\" style=\"font-size: 8pt;\" aria-label=\"banana (1 elemento)\">banana<span class=\"tag-link-count\"> (1)<\/span><\/a>\n<a href=\"https:\/\/www.360tours.es\/24mm\/estilo\/blog\/\" class=\"tag-cloud-link tag-link-79 tag-link-position-6\" style=\"font-size: 8pt;\" aria-label=\"blog (1 elemento)\">blog<span class=\"tag-link-count\"> (1)<\/span><\/a>\n<a href=\"https:\/\/www.360tours.es\/24mm\/estilo\/character\/\" class=\"tag-cloud-link tag-link-29 tag-link-position-7\" style=\"font-size: 8pt;\" aria-label=\"character (1 elemento)\">character<span class=\"tag-link-count\"> (1)<\/span><\/a>\n<a href=\"https:\/\/www.360tours.es\/24mm\/estilo\/chatbotapp\/\" class=\"tag-cloud-link tag-link-33 tag-link-position-8\" style=\"font-size: 8pt;\" aria-label=\"chatbotapp (1 elemento)\">chatbotapp<span class=\"tag-link-count\"> (1)<\/span><\/a>\n<a href=\"https:\/\/www.360tours.es\/24mm\/estilo\/chatgpt\/\" class=\"tag-cloud-link tag-link-27 tag-link-position-9\" style=\"font-size: 8pt;\" aria-label=\"chatgpt (1 elemento)\">chatgpt<span class=\"tag-link-count\"> (1)<\/span><\/a>\n<a href=\"https:\/\/www.360tours.es\/24mm\/estilo\/civitai\/\" class=\"tag-cloud-link tag-link-39 tag-link-position-10\" style=\"font-size: 8pt;\" aria-label=\"Civitai (1 elemento)\">Civitai<span class=\"tag-link-count\"> (1)<\/span><\/a>\n<a href=\"https:\/\/www.360tours.es\/24mm\/estilo\/copilot\/\" class=\"tag-cloud-link tag-link-37 tag-link-position-11\" style=\"font-size: 8pt;\" aria-label=\"copilot (1 elemento)\">copilot<span class=\"tag-link-count\"> (1)<\/span><\/a>\n<a href=\"https:\/\/www.360tours.es\/24mm\/estilo\/curie\/\" class=\"tag-cloud-link tag-link-6 tag-link-position-12\" style=\"font-size: 10.333333333333pt;\" aria-label=\"Curie (2 elementos)\">Curie<span class=\"tag-link-count\"> (2)<\/span><\/a>\n<a href=\"https:\/\/www.360tours.es\/24mm\/estilo\/getmerlin\/\" class=\"tag-cloud-link tag-link-43 tag-link-position-13\" style=\"font-size: 8pt;\" aria-label=\"GetMerlin (1 elemento)\">GetMerlin<span class=\"tag-link-count\"> (1)<\/span><\/a>\n<a href=\"https:\/\/www.360tours.es\/24mm\/estilo\/ideogram\/\" class=\"tag-cloud-link tag-link-30 tag-link-position-14\" style=\"font-size: 8pt;\" aria-label=\"ideogram (1 elemento)\">ideogram<span class=\"tag-link-count\"> (1)<\/span><\/a>\n<a href=\"https:\/\/www.360tours.es\/24mm\/estilo\/modigliani\/\" class=\"tag-cloud-link tag-link-5 tag-link-position-15\" style=\"font-size: 8pt;\" aria-label=\"Modigliani (1 elemento)\">Modigliani<span class=\"tag-link-count\"> (1)<\/span><\/a>\n<a href=\"https:\/\/www.360tours.es\/24mm\/estilo\/notebooklm\/\" class=\"tag-cloud-link tag-link-36 tag-link-position-16\" style=\"font-size: 8pt;\" aria-label=\"NotebookLM (1 elemento)\">NotebookLM<span class=\"tag-link-count\"> (1)<\/span><\/a>\n<a href=\"https:\/\/www.360tours.es\/24mm\/estilo\/oboe\/\" class=\"tag-cloud-link tag-link-42 tag-link-position-17\" style=\"font-size: 8pt;\" aria-label=\"Oboe (1 elemento)\">Oboe<span class=\"tag-link-count\"> (1)<\/span><\/a>\n<a href=\"https:\/\/www.360tours.es\/24mm\/estilo\/opal\/\" class=\"tag-cloud-link tag-link-41 tag-link-position-18\" style=\"font-size: 8pt;\" aria-label=\"Opal (1 elemento)\">Opal<span class=\"tag-link-count\"> (1)<\/span><\/a>\n<a href=\"https:\/\/www.360tours.es\/24mm\/estilo\/perplexity\/\" class=\"tag-cloud-link tag-link-28 tag-link-position-19\" style=\"font-size: 8pt;\" aria-label=\"perplexity (1 elemento)\">perplexity<span class=\"tag-link-count\"> (1)<\/span><\/a>\n<a href=\"https:\/\/www.360tours.es\/24mm\/estilo\/presets\/\" class=\"tag-cloud-link tag-link-80 tag-link-position-20\" style=\"font-size: 8pt;\" aria-label=\"Presets (1 elemento)\">Presets<span class=\"tag-link-count\"> (1)<\/span><\/a>\n<a href=\"https:\/\/www.360tours.es\/24mm\/estilo\/prompt\/\" class=\"tag-cloud-link tag-link-52 tag-link-position-21\" style=\"font-size: 22pt;\" aria-label=\"Prompt (23 elementos)\">Prompt<span class=\"tag-link-count\"> (23)<\/span><\/a>\n<a href=\"https:\/\/www.360tours.es\/24mm\/estilo\/qwen\/\" class=\"tag-cloud-link tag-link-32 tag-link-position-22\" style=\"font-size: 8pt;\" aria-label=\"qwen (1 elemento)\">qwen<span class=\"tag-link-count\"> (1)<\/span><\/a>\n<a href=\"https:\/\/www.360tours.es\/24mm\/estilo\/sora\/\" class=\"tag-cloud-link tag-link-34 tag-link-position-23\" style=\"font-size: 8pt;\" aria-label=\"sora (1 elemento)\">sora<span class=\"tag-link-count\"> (1)<\/span><\/a>\n<a href=\"https:\/\/www.360tours.es\/24mm\/estilo\/talkpal\/\" class=\"tag-cloud-link tag-link-40 tag-link-position-24\" style=\"font-size: 8pt;\" aria-label=\"Talkpal (1 elemento)\">Talkpal<span class=\"tag-link-count\"> (1)<\/span><\/a>\n<a href=\"https:\/\/www.360tours.es\/24mm\/estilo\/useai\/\" class=\"tag-cloud-link tag-link-76 tag-link-position-25\" style=\"font-size: 8pt;\" aria-label=\"use*ai (1 elemento)\">use*ai<span class=\"tag-link-count\"> (1)<\/span><\/a>\n<a href=\"https:\/\/www.360tours.es\/24mm\/estilo\/wordpress\/\" class=\"tag-cloud-link tag-link-20 tag-link-position-26\" style=\"font-size: 8pt;\" aria-label=\"WordPress (1 elemento)\">WordPress<span class=\"tag-link-count\"> (1)<\/span><\/a><\/p>\n\n\n<hr class=\"wp-block-separator has-alpha-channel-opacity\"\/>\n<\/div>\n","protected":false},"excerpt":{"rendered":"<p>Guiando a tu empresa a trav\u00e9s del proyecto Experimenta la fusi\u00f3n de imaginaci\u00f3n y experiencia con \u00c9tudes, el catalizador de las transformaciones arquitect\u00f3nicas que enriquecen el mundo que nos rodea. tags (cuentas) categor\u00edas (apps) estilos (prompts)<\/p>\n","protected":false},"author":1,"featured_media":0,"parent":0,"menu_order":0,"comment_status":"closed","ping_status":"closed","template":"page-no-title","meta":{"_crdt_document":"","footnotes":""},"class_list":["post-8","page","type-page","status-publish","hentry"],"_links":{"self":[{"href":"https:\/\/www.360tours.es\/24mm\/wp-json\/wp\/v2\/pages\/8","targetHints":{"allow":["GET"]}}],"collection":[{"href":"https:\/\/www.360tours.es\/24mm\/wp-json\/wp\/v2\/pages"}],"about":[{"href":"https:\/\/www.360tours.es\/24mm\/wp-json\/wp\/v2\/types\/page"}],"author":[{"embeddable":true,"href":"https:\/\/www.360tours.es\/24mm\/wp-json\/wp\/v2\/users\/1"}],"replies":[{"embeddable":true,"href":"https:\/\/www.360tours.es\/24mm\/wp-json\/wp\/v2\/comments?post=8"}],"version-history":[{"count":9,"href":"https:\/\/www.360tours.es\/24mm\/wp-json\/wp\/v2\/pages\/8\/revisions"}],"predecessor-version":[{"id":43,"href":"https:\/\/www.360tours.es\/24mm\/wp-json\/wp\/v2\/pages\/8\/revisions\/43"}],"wp:attachment":[{"href":"https:\/\/www.360tours.es\/24mm\/wp-json\/wp\/v2\/media?parent=8"}],"curies":[{"name":"wp","href":"https:\/\/api.w.org\/{rel}","templated":true}]}}